{"id":139,"date":"2017-02-04T12:40:22","date_gmt":"2017-02-04T11:40:22","guid":{"rendered":"http:\/\/fv.wasserwacht-bergen.de\/?page_id=139"},"modified":"2021-07-24T22:28:00","modified_gmt":"2021-07-24T20:28:00","slug":"impressum","status":"publish","type":"page","link":"https:\/\/wasserwacht-bergen.de\/fv\/impressum\/","title":{"rendered":"Impressum"},"content":{"rendered":"\n<header><strong>verantwortlich f\u00fcr den Inhalt:<\/strong><\/header>\n\n\n\n<header><\/header>\n\n\n\n<p>F\u00f6rderverein Wasserwacht Bergen e.V.<br>Herr Michael Junghans<br>Bayern 5<br>83224 Staudach-Egerndach<\/p>\n\n\n\n<p>foerderverein (at) wasserwacht-bergen.de<\/p>\n\n\n\n<p><strong>Datenschutzbeauftragter:<\/strong><\/p>\n\n\n\n<p>Unseren Datenschutzbeauftragten erreichen Sie unter den oben angegebenen Kontaktdaten mit dem Zusatz \u201eDatenschutzbeauftragter\u201c.<\/p>\n\n\n\n<p><strong>Haftung f\u00fcr Inhalte<\/strong><\/p>\n\n\n\n<p>Die Inhalte unserer Seiten wurden mit gr\u00f6\u00dfter Sorgfalt erstellt. F\u00fcr die Richtigkeit, Vollst\u00e4ndigkeit und Aktualit\u00e4t der Inhalte k\u00f6nnen wir jedoch keine Gew\u00e4hr \u00fcbernehmen. Als Diensteanbieter sind wir gem\u00e4\u00df \u00a7 7 Abs.1 TMG f\u00fcr eigene Inhalte auf diesen Seiten nach den allgemeinen Gesetzen verantwortlich. Nach \u00a7\u00a7 8 bis 10 TMG sind wir als Diensteanbieter jedoch nicht verpflichtet, \u00fcbermittelte oder gespeicherte fremde Informationen zu \u00fcberwachen oder nach Umst\u00e4nden zu forschen, die auf eine rechtswidrige T\u00e4tigkeit hinweisen. Verpflichtungen zur Entfernung oder Sperrung der Nutzung von Informationen nach den allgemeinen Gesetzen bleiben hiervon unber\u00fchrt. Eine diesbez\u00fcgliche Haftung ist jedoch erst ab dem Zeitpunkt der Kenntnis einer konkreten Rechtsverletzung m\u00f6glich. Bei Bekanntwerden von entsprechenden Rechtsverletzungen werden wir diese Inhalte umgehend entfernen.<\/p>\n\n\n\n<p><strong>Haftung f\u00fcr Links<\/strong><\/p>\n\n\n\n<p>Unser Angebot enth\u00e4lt Links zu externen Webseiten Dritter, auf deren Inhalte wir keinen Einfluss haben. Deshalb k\u00f6nnen wir f\u00fcr diese fremden Inhalte auch keine Gew\u00e4hr \u00fcbernehmen. F\u00fcr die Inhalte der verlinkten Seiten ist stets der jeweilige Anbieter oder Betreiber der Seiten verantwortlich. Die verlinkten Seiten wurden zum Zeitpunkt der Verlinkung auf m\u00f6gliche Rechtsverst\u00f6\u00dfe \u00fcberpr\u00fcft. Rechtswidrige Inhalte waren zum Zeitpunkt der Verlinkung nicht erkennbar. Eine permanente inhaltliche Kontrolle der verlinkten Seiten ist jedoch ohne konkrete Anhaltspunkte einer Rechtsverletzung nicht zumutbar. Bei Bekanntwerden von Rechtsverletzungen werden wir derartige Links umgehend entfernen.<\/p>\n\n\n\n<p><strong>Urheberrecht<\/strong><\/p>\n\n\n\n<p>Die durch die Seitenbetreiber erstellten Inhalte und Werke auf diesen Seiten unterliegen dem deutschen Urheberrecht. Die Vervielf\u00e4ltigung, Bearbeitung, Verbreitung und jede Art der Verwertung au\u00dferhalb der Grenzen des Urheberrechtes bed\u00fcrfen der schriftlichen Zustimmung des jeweiligen Autors bzw. Erstellers. Downloads und Kopien dieser Seite sind nur f\u00fcr den privaten, nicht kommerziellen Gebrauch gestattet. Soweit die Inhalte auf dieser Seite nicht vom Betreiber erstellt wurden, werden die Urheberrechte Dritter beachtet. Insbesondere werden Inhalte Dritter als solche gekennzeichnet. Sollten Sie trotzdem auf eine Urheberrechtsverletzung aufmerksam werden, bitten wir um einen entsprechenden Hinweis. Bei Bekanntwerden von Rechtsverletzungen werden wir derartige Inhalte umgehend entfernen.<\/p>\n\n\n\n<p><strong>Datenschutz<\/strong><\/p>\n\n\n\n<p>Die Nutzung unserer Webseite ist in der Regel ohne Angabe personenbezogener Daten m\u00f6glich. Soweit auf unseren Seiten personenbezogene Daten (beispielsweise Name, Anschrift oder eMail-Adressen) erhoben werden, erfolgt dies, soweit m\u00f6glich, stets auf freiwilliger Basis. Diese Daten werden ohne Ihre ausdr\u00fcckliche Zustimmung nicht an Dritte weitergegeben.<\/p>\n\n\n\n<p>Wir weisen darauf hin, dass die Daten\u00fcbertragung im Internet (z.B. bei der Kommunikation per E-Mail) Sicherheitsl\u00fccken aufweisen kann. Ein l\u00fcckenloser Schutz der Daten vor dem Zugriff durch Dritte ist nicht m\u00f6glich.<\/p>\n\n\n\n<p>Der Nutzung von im Rahmen der Impressumspflicht ver\u00f6ffentlichten Kontaktdaten durch Dritte zur \u00dcbersendung von nicht ausdr\u00fccklich angeforderter Werbung und Informationsmaterialien wird hiermit ausdr\u00fccklich widersprochen. Die Betreiber der Seiten behalten sich ausdr\u00fccklich rechtliche Schritte im Falle der unverlangten Zusendung von Werbeinformationen, etwa durch Spam-Mails, vor.<\/p>\n\n\n\n<p><strong>Umfang der Verarbeitung personenbezogener Daten<\/strong><\/p>\n\n\n\n<p>Wir erheben und verwenden personenbezogene Daten unserer Nutzer grunds\u00e4tzlich nur, soweit dies zur Bereitstellung einer funktionsf\u00e4higen Website sowie unserer Inhalte und Leistungen erforderlich ist. Die Erhebung und Verwendung personenbezogener Daten unserer Nutzer erfolgt regelm\u00e4\u00dfig nur nach Einwilligung des Nutzers. Eine Ausnahme gilt in solchen F\u00e4llen, in denen eine vorherige Einholung einer Einwilligung aus tats\u00e4chlichen Gr\u00fcnden nicht m\u00f6glich ist und die Verarbeitung der Daten durch gesetzliche Vorschriften gestattet ist.<\/p>\n\n\n\n<p><strong>Rechtsgrundlage f\u00fcr die Verarbeitung personenbezogener Daten<\/strong><\/p>\n\n\n\n<p>Folgende Rechtsgrundlagen bestehen f\u00fcr die Verarbeitung Ihrer personenbezogenen Daten:<\/p>\n\n\n\n<ul><li>Einwilligung<\/li><li>Vertragserf\u00fcllung oder vorvertragliche Ma\u00dfnahmen<\/li><li>rechtlichen Verpflichtung<\/li><li>Zur Wahrung eines berechtigten Interesses unseres Unternehmens oder eines Dritten erforderlich und die Interessen, Grundrechte und Grundfreiheiten des Betroffenen \u00fcberwiegen das erstgenannte Interesse nicht<\/li><\/ul>\n\n\n\n<p><strong>Datenl\u00f6schung und Speicherdauer<\/strong><\/p>\n\n\n\n<p>Die personenbezogenen Daten der betroffenen Person werden gel\u00f6scht oder gesperrt, sobald der Zweck der Speicherung entf\u00e4llt. Eine Speicherung kann dar\u00fcber hinaus dann erfolgen, wenn der L\u00f6schung eine gesetzliche Aufbewahrungsfrist z.B. aus der Abgabenordnung und dem Handelsgesetzbuch entgegensteht. Grunds\u00e4tzlich speichern wir Ihre Daten 10 Jahre.<\/p>\n\n\n\n<p><strong>Beschreibung und Umfang der Datenverarbeitung<\/strong><\/p>\n\n\n\n<p>Bei jedem Aufruf unserer Internetseite erfasst unser System automatisiert Daten und Informationen vom Computersystem des aufrufenden Rechners. Folgende Daten werden hierbei erhoben:<\/p>\n\n\n\n<ul><li>\u00fcber den Browsertyp und die verwendete Version<\/li><li>das Betriebssystem des Nutzers<\/li><li>den Internet-Service-Provider des Nutzers<\/li><li>die IP-Adresse des Nutzers<\/li><li>Datum und Uhrzeit des Zugriffs<\/li><li>Websites, von denen das System des Nutzers auf unsere Internetseite gelangt<\/li><li>Websites, die vom System des Nutzers \u00fcber unsere Website aufgerufen werden<\/li><\/ul>\n\n\n\n<p>Aufgrund von gesetzlichen Vorschriften ist es uns erlaubt, die Daten und Logfiles vor\u00fcbergehend zu speichern. Die vor\u00fcbergehende Speicherung der IP-Adresse (Dauer der Nutzung) ist notwendig, um Ihnen die Webseite an Sie auszuliefern.<\/p>\n\n\n\n<p>Die vor\u00fcbergehende Speicherung der IP-Adresse durch das System ist notwendig, um eine Auslieferung der Website an den Rechner des Nutzers zu erm\u00f6glichen. Hierf\u00fcr muss die IP-Adresse des Nutzers f\u00fcr die Dauer der Sitzung gespeichert bleiben. Die Daten werden bis zum Ende der jeweiligen Sitzung von uns gespeichert und dann automatisch gel\u00f6scht. Da diese Daten f\u00fcr den Betrieb der Webseite zwingend erforderlich sind, haben Sie als Nutzer keine M\u00f6glichkeit der Verarbeitung zu widersprechen.<\/p>\n\n\n\n<p><strong>I. Newsletter<\/strong><\/p>\n\n\n\n<p>Unserer Internetseite bietet keinen Newsletter an.<\/p>\n\n\n\n<p><strong>II. Registrierung<\/strong><\/p>\n\n\n\n<p>Sie k\u00f6nnen sich auf unserer Homepage nicht registrieren.<\/p>\n\n\n\n<p><strong>III. Kontaktformular<\/strong><\/p>\n\n\n\n<p>Auf unserer Webseite finden Sie kein Kontaktformular.<\/p>\n\n\n\n<p><strong>IV. Rechte der betroffenen Person<\/strong><\/p>\n\n\n\n<p>Sie sind Betroffener und es stehen Ihnen folgende Rechte uns gegen\u00fcber zu:<\/p>\n\n\n\n<ul><li>Sie k\u00f6nnen Auskunft verlangen, welche personenbezogene Daten, welcher Herkunft \u00fcber Sie zu welchem Zweck gespeichert sind. Ebenso m\u00fcssen Sie dar\u00fcber unterrichtet werden, wenn Ihre Daten an Dritte \u00fcbermittelt werden. In diesem Fall ist Ihnen gegen\u00fcber die Identit\u00e4t des Empf\u00e4ngers oder \u00fcber die Kategorien von Empf\u00e4nger Auskunft zu geben.<\/li><li>Sollten Ihre personenbezogenen Daten unrichtig oder unvollst\u00e4ndig sein, so k\u00f6nnen Sie Ihre Berichtigung oder Erg\u00e4nzung verlangen.<\/li><li>Sie k\u00f6nnen der Verarbeitung Ihrer personenbezogenen Daten zu Werbezwecken widersprechen. F\u00fcr diese Zwecke m\u00fcssen Ihre Daten dann gesperrt werden.<\/li><li>Sie haben ein Recht auf Einschr\u00e4nkung der Verarbeitung, wenn Sie die Richtigkeit der Sie betreffenden personenbezogenen f\u00fcr eine Dauer bestreiten, die es dem Verantwortlichen erm\u00f6glicht, die Richtigkeit der personenbezogenen Daten zu \u00fcberpr\u00fcfen; die Verarbeitung unrechtm\u00e4\u00dfig ist und Sie die L\u00f6schung der personenbezogenen Daten ablehnen und stattdessen die Einschr\u00e4nkung der Nutzung der personenbezogenen Daten verlangen; der Verantwortliche die personenbezogenen Daten f\u00fcr die Zwecke der Verarbeitung nicht l\u00e4nger ben\u00f6tigt, Sie diese jedoch zur Geltendmachung, Aus\u00fcbung oder Verteidigung von Rechtsanspr\u00fcchen ben\u00f6tigen, oder wenn Sie Widerspruch gegen die Verarbeitung gem\u00e4\u00df Art.&nbsp;21 Abs.&nbsp;1 DSGVO eingelegt haben und noch nicht feststeht, ob die berechtigten Gr\u00fcnde des Verantwortlichen gegen\u00fcber Ihren Gr\u00fcnden \u00fcberwiegen.<\/li><li>Sie k\u00f6nnen die L\u00f6schung Ihrer Daten verlangen. Dies ist dann m\u00f6glich, wenn die Rechtsgrundlage f\u00fcr die Datenverarbeitung fehlt oder weggefallen ist. Gleiches gilt f\u00fcr den Fall, dass der Zweck der Datenverarbeitung durch Zeitablauf oder anderen Gr\u00fcnden entfallen ist. Bitte beachten Sie, dass einer L\u00f6schung eine bestehende Aufbewahrungsfrist oder andere schutzw\u00fcrdige Interessen unseres Unternehmens entgegenstehen kann. Auf Nachfrage teilen wir Ihnen dieses gerne mit. Sollten wir Ihre Daten \u00f6ffentlich gemacht haben, so sind wir verpflichtet, jeden Empf\u00e4nger dar\u00fcber zu informieren, dass Sie die L\u00f6schung aller Links zu diesen personenbezogenen Daten oder von Kopien dieser personenbezogenen Daten verlangt haben.<\/li><li>Sie haben zudem ein Widerspruchsrecht, wenn Ihr schutzw\u00fcrdiges Interesse aufgrund einer pers\u00f6nlichen Situation das Interesse der Verarbeitung \u00fcberwiegt. Dies gilt aber dann nicht, wenn wir aufgrund einer Rechtsvorschrift zur Durchf\u00fchrung der Verarbeitung verpflichtet sind.<\/li><li>Unbeschadet eines anderweitigen verwaltungsrechtlichen oder gerichtlichen Rechtsbehelfs steht Ihnen das Recht auf Beschwerde bei unserer Aufsichtsbeh\u00f6rde, zu, wenn Sie der Ansicht sind, dass die Verarbeitung der Sie betreffenden personenbezogenen Daten gegen den Datenschutz verst\u00f6\u00dft.<br>Die Kontaktdaten unserer Aufsichtsbeh\u00f6rde lauten:<\/li><li>Bayerisches Landesamt f\u00fcr Datenschutzaufsicht, Promenade 18, 91522 Ansbach, E-Mail: <a href=\"poststelle@lda.bayern.de\">poststelle@lda.bayern.de<\/a><\/li><li>Sie haben das Recht, die Sie betreffenden personenbezogenen Daten, die Sie dem Verantwortlichen bereitgestellt haben, in einem strukturierten, g\u00e4ngigen und maschinenlesbaren Format zu erhalten.<\/li><\/ul>\n","protected":false},"excerpt":{"rendered":"<p>verantwortlich f\u00fcr den Inhalt: F\u00f6rderverein Wasserwacht Bergen e.V.Herr Michael JunghansBayern 583224 Staudach-Egerndach foerderverein (at) wasserwacht-bergen.de Datenschutzbeauftragter: Unseren Datenschutzbeauftragten erreichen Sie unter den oben angegebenen Kontaktdaten mit dem Zusatz \u201eDatenschutzbeauftragter\u201c. Haftung f\u00fcr Inhalte Die Inhalte unserer Seiten wurden mit gr\u00f6\u00dfter Sorgfalt erstellt. F\u00fcr die Richtigkeit, Vollst\u00e4ndigkeit und Aktualit\u00e4t der Inhalte k\u00f6nnen wir jedoch keine Gew\u00e4hr \u00fcbernehmen. &hellip; <\/p>\n<p class=\"link-more\"><a href=\"https:\/\/wasserwacht-bergen.de\/fv\/impressum\/\" class=\"more-link\"><span class=\"screen-reader-text\">\u201eImpressum\u201c <\/span>weiterlesen<\/a><\/p>\n","protected":false},"author":1,"featured_media":0,"parent":0,"menu_order":0,"comment_status":"closed","ping_status":"closed","template":"","meta":{"footnotes":""},"_links":{"self":[{"href":"https:\/\/wasserwacht-bergen.de\/fv\/wp-json\/wp\/v2\/pages\/139"}],"collection":[{"href":"https:\/\/wasserwacht-bergen.de\/fv\/wp-json\/wp\/v2\/pages"}],"about":[{"href":"https:\/\/wasserwacht-bergen.de\/fv\/wp-json\/wp\/v2\/types\/page"}],"author":[{"embeddable":true,"href":"https:\/\/wasserwacht-bergen.de\/fv\/wp-json\/wp\/v2\/users\/1"}],"replies":[{"embeddable":true,"href":"https:\/\/wasserwacht-bergen.de\/fv\/wp-json\/wp\/v2\/comments?post=139"}],"version-history":[{"count":6,"href":"https:\/\/wasserwacht-bergen.de\/fv\/wp-json\/wp\/v2\/pages\/139\/revisions"}],"predecessor-version":[{"id":381,"href":"https:\/\/wasserwacht-bergen.de\/fv\/wp-json\/wp\/v2\/pages\/139\/revisions\/381"}],"wp:attachment":[{"href":"https:\/\/wasserwacht-bergen.de\/fv\/wp-json\/wp\/v2\/media?parent=139"}],"curies":[{"name":"wp","href":"https:\/\/api.w.org\/{rel}","templated":true}]}}