{"id":17,"date":"2017-01-22T17:33:37","date_gmt":"2017-01-22T16:33:37","guid":{"rendered":"http:\/\/fv.wasserwacht-bergen.de\/?page_id=17"},"modified":"2021-07-24T22:28:27","modified_gmt":"2021-07-24T20:28:27","slug":"startseite","status":"publish","type":"page","link":"https:\/\/wasserwacht-bergen.de\/fv\/","title":{"rendered":"Startseite"},"content":{"rendered":"\n<h3 class=\"wp-block-heading\"><strong>Willkommen beim F\u00f6rderverein der Wasserwacht Bergen e.V.<\/strong><\/h3>\n\n\n\n<ul><li>gegr\u00fcndet wurde der Verein 2002<\/li><li>in der Vergangenheit konnte der F\u00f6rderverein durch das Sammeln von Spenden und der Durchf\u00fchrung von Veranstaltungen eine betr\u00e4chtliche Summe beschaffen und damit die Wasserwacht Bergen in verschiedenster Weise hilfreich unterst\u00fctzen.<\/li><li>wir veranstalten j\u00e4hrlich unser Wasserwachts-Fest und sind auch bei Bergener Dorfevents zusammen mit der Wasserwacht immer vertreten<\/li><\/ul>\n","protected":false},"excerpt":{"rendered":"<p>Willkommen beim F\u00f6rderverein der Wasserwacht Bergen e.V. gegr\u00fcndet wurde der Verein 2002 in der Vergangenheit konnte der F\u00f6rderverein durch das Sammeln von Spenden und der Durchf\u00fchrung von Veranstaltungen eine betr\u00e4chtliche Summe beschaffen und damit die Wasserwacht Bergen in verschiedenster Weise hilfreich unterst\u00fctzen. wir veranstalten j\u00e4hrlich unser Wasserwachts-Fest und sind auch bei Bergener Dorfevents zusammen mit &hellip; <\/p>\n<p class=\"link-more\"><a href=\"https:\/\/wasserwacht-bergen.de\/fv\/\" class=\"more-link\"><span class=\"screen-reader-text\">\u201eStartseite\u201c <\/span>weiterlesen<\/a><\/p>\n","protected":false},"author":1,"featured_media":0,"parent":0,"menu_order":0,"comment_status":"closed","ping_status":"closed","template":"","meta":{"footnotes":""},"_links":{"self":[{"href":"https:\/\/wasserwacht-bergen.de\/fv\/wp-json\/wp\/v2\/pages\/17"}],"collection":[{"href":"https:\/\/wasserwacht-bergen.de\/fv\/wp-json\/wp\/v2\/pages"}],"about":[{"href":"https:\/\/wasserwacht-bergen.de\/fv\/wp-json\/wp\/v2\/types\/page"}],"author":[{"embeddable":true,"href":"https:\/\/wasserwacht-bergen.de\/fv\/wp-json\/wp\/v2\/users\/1"}],"replies":[{"embeddable":true,"href":"https:\/\/wasserwacht-bergen.de\/fv\/wp-json\/wp\/v2\/comments?post=17"}],"version-history":[{"count":14,"href":"https:\/\/wasserwacht-bergen.de\/fv\/wp-json\/wp\/v2\/pages\/17\/revisions"}],"predecessor-version":[{"id":382,"href":"https:\/\/wasserwacht-bergen.de\/fv\/wp-json\/wp\/v2\/pages\/17\/revisions\/382"}],"wp:attachment":[{"href":"https:\/\/wasserwacht-bergen.de\/fv\/wp-json\/wp\/v2\/media?parent=17"}],"curies":[{"name":"wp","href":"https:\/\/api.w.org\/{rel}","templated":true}]}}