{"id":18,"date":"2017-01-22T17:33:37","date_gmt":"2017-01-22T16:33:37","guid":{"rendered":"http:\/\/fv.wasserwacht-bergen.de\/?page_id=18"},"modified":"2021-07-24T22:28:39","modified_gmt":"2021-07-24T20:28:39","slug":"ueber","status":"publish","type":"page","link":"https:\/\/wasserwacht-bergen.de\/fv\/ueber\/","title":{"rendered":"\u00fcber uns"},"content":{"rendered":"\n<p><strong>Auszug aus der Satzung des F\u00f6rderverein Wasserwacht Bergen e.V.<\/strong><\/p>\n\n\n\n<ul><li>\u00a72 \u2026Zweck des Vereins ist die <strong>F\u00f6rderung<\/strong> der Wasserwacht im Bayrischen Roten Kreuz \u2013 <strong>Ortsgruppe Bergen<\/strong> \u2013 in ideeller und materieller Hinsicht, insbesondere beschaffter Mittel zur Weitergabe an die Wasserwacht Bergen.<\/li><li>\u00a73 \u2026Der Verein ist politisch und konfessionell neutral und verfolgt ausschlie\u00dflich und unmittelbar gemeinn\u00fctzige Zwecke im Sinne des Abschnitts \u201cSteuerbeg\u00fcnstigte Zwecke\u201c der Abgabeordnung (AO)\u2026Die Mittel des Vereins d\u00fcrfen nur f\u00fcr die satzungsm\u00e4\u00dfigen Zwecke verwendet werden\u2026<\/li><li>\u00a74 \u2026Mitglied des Vereins kann jede vollj\u00e4hrige Person werden.<\/li><li>\u00a75 \u2026die Mitgliedschaft endet mit dem Tod des Mitglieds, durch freiwilligen Austritt oder durch Ausschluss aus dem Verein \u2026Der Austritt erfolgt durch eine schriftliche K\u00fcndigung\u2026 zum Schluss eines Kalenderjahres unter Einhaltung einer K\u00fcndigungsfrist von drei Monaten\u2026<\/li><li>\u00a76 \u2026Von den Mitgliedern wird ein j\u00e4hrlicher Beitrag erhoben, der jeweils am 1. Januar eines Jahres f\u00e4llig wird. Die H\u00f6he der Beitr\u00e4ge (z.Zt. j\u00e4hrlich mindestens 5\u20ac) wird von der Mitgliederversammlung festgelegt\u2026<\/li><\/ul>\n\n\n\n<p>Wir sind als Verein unter der Nummer VR 1180 beim Registergericht des Amtsgericht Traunstein eingetragen.&nbsp;Gem\u00e4\u00df \u00a7 5 Abs. 1 Nr. 9 des K\u00f6rperschaftssteuergesetzes (KStG) ist unser Verein wegen der<\/p>\n\n\n\n<p><strong>F\u00f6rderung zur Rettung aus Lebensgefahr<\/strong><b><\/b><\/p>\n\n\n\n<p>nach dem letzten uns zugegangenen Freistellungsbescheid des FA Traunstein vom 16.05.2019 (Steuernummer 163\/108\/31232) f\u00fcr die Jahre 2016 bis 2018 von der K\u00f6rperschaftssteuer befreit.<\/p>\n","protected":false},"excerpt":{"rendered":"<p>Auszug aus der Satzung des F\u00f6rderverein Wasserwacht Bergen e.V. \u00a72 \u2026Zweck des Vereins ist die F\u00f6rderung der Wasserwacht im Bayrischen Roten Kreuz \u2013 Ortsgruppe Bergen \u2013 in ideeller und materieller Hinsicht, insbesondere beschaffter Mittel zur Weitergabe an die Wasserwacht Bergen. \u00a73 \u2026Der Verein ist politisch und konfessionell neutral und verfolgt ausschlie\u00dflich und unmittelbar gemeinn\u00fctzige Zwecke &hellip; <\/p>\n<p class=\"link-more\"><a href=\"https:\/\/wasserwacht-bergen.de\/fv\/ueber\/\" class=\"more-link\"><span class=\"screen-reader-text\">\u201e\u00fcber uns\u201c <\/span>weiterlesen<\/a><\/p>\n","protected":false},"author":1,"featured_media":0,"parent":0,"menu_order":0,"comment_status":"closed","ping_status":"closed","template":"","meta":{"footnotes":""},"_links":{"self":[{"href":"https:\/\/wasserwacht-bergen.de\/fv\/wp-json\/wp\/v2\/pages\/18"}],"collection":[{"href":"https:\/\/wasserwacht-bergen.de\/fv\/wp-json\/wp\/v2\/pages"}],"about":[{"href":"https:\/\/wasserwacht-bergen.de\/fv\/wp-json\/wp\/v2\/types\/page"}],"author":[{"embeddable":true,"href":"https:\/\/wasserwacht-bergen.de\/fv\/wp-json\/wp\/v2\/users\/1"}],"replies":[{"embeddable":true,"href":"https:\/\/wasserwacht-bergen.de\/fv\/wp-json\/wp\/v2\/comments?post=18"}],"version-history":[{"count":8,"href":"https:\/\/wasserwacht-bergen.de\/fv\/wp-json\/wp\/v2\/pages\/18\/revisions"}],"predecessor-version":[{"id":383,"href":"https:\/\/wasserwacht-bergen.de\/fv\/wp-json\/wp\/v2\/pages\/18\/revisions\/383"}],"wp:attachment":[{"href":"https:\/\/wasserwacht-bergen.de\/fv\/wp-json\/wp\/v2\/media?parent=18"}],"curies":[{"name":"wp","href":"https:\/\/api.w.org\/{rel}","templated":true}]}}