{"id":19,"date":"2017-01-22T17:33:37","date_gmt":"2017-01-22T16:33:37","guid":{"rendered":"http:\/\/fv.wasserwacht-bergen.de\/?page_id=19"},"modified":"2021-07-24T22:28:55","modified_gmt":"2021-07-24T20:28:55","slug":"kontakt","status":"publish","type":"page","link":"https:\/\/wasserwacht-bergen.de\/fv\/kontakt\/","title":{"rendered":"Kontakt"},"content":{"rendered":"\n<p>Wir freuen uns, wenn Du Interesse h\u00e4ttest, bei uns mitzuarbeiten. Du kannst uns jederzeit gerne kontaktieren oder Fragen stellen.<\/p>\n\n\n\n<p>Falls Du ein aktives Mitglied bei uns werden m\u00f6chtest, findest Du&nbsp;hier&nbsp;unsere <a href=\"http:\/\/fv.wasserwacht-bergen.de\/wp-content\/uploads\/2019\/05\/Beitrittserklaerung.pdf\" target=\"_blank\" rel=\"noopener noreferrer\">Beitrittserkl\u00e4rung<\/a> zum Download, lesen und ausdrucken. Per Post an die Kontaktadresse senden und Du erh\u00e4lst umgehend alle Informationen von uns.<\/p>\n\n\n\n<p>Die aktuelle Fassung unserer Satzung kannst Du Dir&nbsp;<a href=\"http:\/\/fv.wasserwacht-bergen.de\/wp-content\/uploads\/2017\/02\/Satzung.pdf\" target=\"_blank\" rel=\"noopener noreferrer\">hier<\/a>&nbsp;downloaden.<\/p>\n\n\n\n<p><\/p>\n","protected":false},"excerpt":{"rendered":"<p>Wir freuen uns, wenn Du Interesse h\u00e4ttest, bei uns mitzuarbeiten. Du kannst uns jederzeit gerne kontaktieren oder Fragen stellen. Falls Du ein aktives Mitglied bei uns werden m\u00f6chtest, findest Du&nbsp;hier&nbsp;unsere Beitrittserkl\u00e4rung zum Download, lesen und ausdrucken. Per Post an die Kontaktadresse senden und Du erh\u00e4lst umgehend alle Informationen von uns. Die aktuelle Fassung unserer Satzung &hellip; <\/p>\n<p class=\"link-more\"><a href=\"https:\/\/wasserwacht-bergen.de\/fv\/kontakt\/\" class=\"more-link\"><span class=\"screen-reader-text\">\u201eKontakt\u201c <\/span>weiterlesen<\/a><\/p>\n","protected":false},"author":1,"featured_media":0,"parent":0,"menu_order":0,"comment_status":"closed","ping_status":"closed","template":"","meta":{"footnotes":""},"_links":{"self":[{"href":"https:\/\/wasserwacht-bergen.de\/fv\/wp-json\/wp\/v2\/pages\/19"}],"collection":[{"href":"https:\/\/wasserwacht-bergen.de\/fv\/wp-json\/wp\/v2\/pages"}],"about":[{"href":"https:\/\/wasserwacht-bergen.de\/fv\/wp-json\/wp\/v2\/types\/page"}],"author":[{"embeddable":true,"href":"https:\/\/wasserwacht-bergen.de\/fv\/wp-json\/wp\/v2\/users\/1"}],"replies":[{"embeddable":true,"href":"https:\/\/wasserwacht-bergen.de\/fv\/wp-json\/wp\/v2\/comments?post=19"}],"version-history":[{"count":13,"href":"https:\/\/wasserwacht-bergen.de\/fv\/wp-json\/wp\/v2\/pages\/19\/revisions"}],"predecessor-version":[{"id":384,"href":"https:\/\/wasserwacht-bergen.de\/fv\/wp-json\/wp\/v2\/pages\/19\/revisions\/384"}],"wp:attachment":[{"href":"https:\/\/wasserwacht-bergen.de\/fv\/wp-json\/wp\/v2\/media?parent=19"}],"curies":[{"name":"wp","href":"https:\/\/api.w.org\/{rel}","templated":true}]}}