{"id":375,"date":"2021-06-28T18:27:30","date_gmt":"2021-06-28T16:27:30","guid":{"rendered":"https:\/\/wasserwacht-bergen.de\/fv\/?page_id=375"},"modified":"2021-07-24T22:48:01","modified_gmt":"2021-07-24T20:48:01","slug":"danke-an-alle-spender-fuer-den-seg-garagenbau","status":"publish","type":"page","link":"https:\/\/wasserwacht-bergen.de\/fv\/danke-an-alle-spender-fuer-den-seg-garagenbau\/","title":{"rendered":"Danke an alle Spender f\u00fcr den SEG Garagenbau"},"content":{"rendered":"\n<div class=\"wp-block-group is-layout-flow wp-block-group-is-layout-flow\"><div class=\"wp-block-group__inner-container\">\n<ul><li>Kreissparkasse Traunstein Trostberg<\/li><li>Volks- und Raiffeisenbank Rosenheim e.G.<\/li><li>Volks- und Raiffeisenbank S\u00fcdost e.G. -> <a rel=\"noreferrer noopener\" href=\"https:\/\/vrbank-obb-so.viele-schaffen-mehr.de\/seg-garage-bergen\" data-type=\"URL\" data-id=\"https:\/\/vrbank-obb-so.viele-schaffen-mehr.de\/seg-garage-bergen\" target=\"_blank\">Crowdfunding Projekt<\/a><\/li><li>meine Volksbank Raiffeisenbank eG<\/li><li>Adelholzener Alpenquellen GmbH<\/li><li>Br\u00fcckner Group GmbH Germany<\/li><li>Eberl Intern. Spedition GmbH &amp; Co.KG<\/li><li>Pizzeria Flamingo<\/li><li>Maximilian Steinbei\u00dfer<\/li><li>Robert Wehweck<\/li><li>Thomas Maschenbauer<\/li><li>Traudl H\u00e4chl<\/li><li>Michaela Heigermoser<\/li><li>Dr. Stefanie Gapp<\/li><li>Andreas Meindl<\/li><li>Helga Wilhelmy<\/li><li>Jakob Goess<\/li><li>Andreas Goess<\/li><li>Fritz Lechner<\/li><li>Irene und Franz Zeller<\/li><li>Albert Speicher<\/li><li>Andrea H\u00f6ck<\/li><li>Kay und Veronika Naumann<\/li><li>Wolf Zimmermann<\/li><li>Ulrike Schumacher-Mertens<\/li><li>Chiemsee K\u00e4lte GmbH<\/li><li>Brauns GmbH &amp; Co.KG<\/li><li>SWIETELSKY Baugesellschaft mbH<\/li><li>Michael Huber OHG<\/li><li>Dr. Spiller GmbH<\/li><li>Feil GmbH<\/li><li>Wolfgang Steinbei\u00dfer<\/li><li>Marianne Steinbei\u00dfer<\/li><li>Ingrid Humhauser<\/li><li>Sebastian Richter<\/li><li>Evelyne Z\u00f6ller<\/li><li>Johannes Fleischer<\/li><li>Rosi Oberauer<\/li><li>Ines und Sebastian Lichtmannegger<\/li><li>J\u00fcrgen Eberl<\/li><li>Christina Klinger<\/li><li>Anton Osenstetter<\/li><li>Astrid Drescher<\/li><li>Stephanie Steinbei\u00dfer<\/li><li>Rosi Steinbei\u00dfer<\/li><li>Dorothea Hecht<\/li><li>Wolfgang Weigel<\/li><li>Otto und Luise Neuhierl<\/li><li>Christin Kirst<\/li><li>Michael List<\/li><li>Sigi und Martina Parzinger<\/li><li>Christine Buchner<\/li><li>Michael Junghans<\/li><li>P.C. Post<\/li><li>Renate Ecker<\/li><li>Ludwig Schmalholz<\/li><li>Franz Schuhbeck<\/li><li>Stephan Daburger<\/li><li>Josef Grandl<\/li><li>Bernd Spiegel<\/li><li>Monika Reithmeier<\/li><li>Josef Baueregger<\/li><\/ul>\n\n\n\n<p><\/p>\n<\/div><\/div>\n","protected":false},"excerpt":{"rendered":"<p>Kreissparkasse Traunstein Trostberg Volks- und Raiffeisenbank Rosenheim e.G. Volks- und Raiffeisenbank S\u00fcdost e.G. -> Crowdfunding Projekt meine Volksbank Raiffeisenbank eG Adelholzener Alpenquellen GmbH Br\u00fcckner Group GmbH Germany Eberl Intern. Spedition GmbH &amp; Co.KG Pizzeria Flamingo Maximilian Steinbei\u00dfer Robert Wehweck Thomas Maschenbauer Traudl H\u00e4chl Michaela Heigermoser Dr. Stefanie Gapp Andreas Meindl Helga Wilhelmy Jakob Goess Andreas &hellip; <\/p>\n<p class=\"link-more\"><a href=\"https:\/\/wasserwacht-bergen.de\/fv\/danke-an-alle-spender-fuer-den-seg-garagenbau\/\" class=\"more-link\"><span class=\"screen-reader-text\">\u201eDanke an alle Spender f\u00fcr den SEG Garagenbau\u201c <\/span>weiterlesen<\/a><\/p>\n","protected":false},"author":1,"featured_media":0,"parent":0,"menu_order":0,"comment_status":"closed","ping_status":"closed","template":"","meta":{"footnotes":""},"_links":{"self":[{"href":"https:\/\/wasserwacht-bergen.de\/fv\/wp-json\/wp\/v2\/pages\/375"}],"collection":[{"href":"https:\/\/wasserwacht-bergen.de\/fv\/wp-json\/wp\/v2\/pages"}],"about":[{"href":"https:\/\/wasserwacht-bergen.de\/fv\/wp-json\/wp\/v2\/types\/page"}],"author":[{"embeddable":true,"href":"https:\/\/wasserwacht-bergen.de\/fv\/wp-json\/wp\/v2\/users\/1"}],"replies":[{"embeddable":true,"href":"https:\/\/wasserwacht-bergen.de\/fv\/wp-json\/wp\/v2\/comments?post=375"}],"version-history":[{"count":3,"href":"https:\/\/wasserwacht-bergen.de\/fv\/wp-json\/wp\/v2\/pages\/375\/revisions"}],"predecessor-version":[{"id":390,"href":"https:\/\/wasserwacht-bergen.de\/fv\/wp-json\/wp\/v2\/pages\/375\/revisions\/390"}],"wp:attachment":[{"href":"https:\/\/wasserwacht-bergen.de\/fv\/wp-json\/wp\/v2\/media?parent=375"}],"curies":[{"name":"wp","href":"https:\/\/api.w.org\/{rel}","templated":true}]}}